{"id":2,"date":"2025-05-20T08:30:00","date_gmt":"2025-05-20T06:30:00","guid":{"rendered":"http:\/\/auditx.com.pl\/?page_id=2"},"modified":"2025-05-20T11:09:09","modified_gmt":"2025-05-20T09:09:09","slug":"strona-glowna","status":"publish","type":"page","link":"https:\/\/auditx.com.pl\/","title":{"rendered":"Audyt UX Strony WWW"},"content":{"rendered":"\n<h1 class=\"wp-block-heading has-text-align-center has-system-sans-serif-font-family has-xx-large-font-size\">Audyt UX\/UI i SEO<\/h1>\n\n\n\n<h2 class=\"wp-block-heading has-text-align-center has-system-sans-serif-font-family has-x-large-font-size\">Twoja Strona Mo\u017ce Zarabia\u0107 Wi\u0119cej<\/h2>\n\n\n\n<p class=\"has-text-align-center has-system-sans-serif-font-family has-medium-font-size\">Audyt, kt\u00f3ry pokazuje jak wysun\u0105\u0107 strony www na szczyt wyszukiwarek<\/p>\n\n\n\n<hr class=\"wp-block-separator has-alpha-channel-opacity\"\/>\n\n\n\n<p class=\"has-text-align-center has-system-sans-serif-font-family\">Expressowo, wygodnie, dok\u0142adnie<\/p>\n\n\n\n<div class=\"wp-block-buttons is-content-justification-center is-layout-flex wp-container-core-buttons-is-layout-a89b3969 wp-block-buttons-is-layout-flex\">\n<div class=\"wp-block-button\"><a class=\"wp-block-button__link has-base-2-color has-text-color has-background has-link-color wp-element-button\" href=\"#orderForm\" style=\"background-color:#216422\">Bezp\u0142atny Audyt Micro<\/a><\/div>\n<\/div>\n\n\n\n<h2 class=\"wp-block-heading has-text-align-center has-system-sans-serif-font-family\">&#8222;Audyt? A po co?&#8221;<\/h2>\n\n\n\n<h3 class=\"wp-block-heading has-text-align-center has-system-sans-serif-font-family\">Nasze cele audytu<\/h3>\n\n\n\n<div class=\"wp-block-columns is-layout-flex wp-container-core-columns-is-layout-954ec4bb wp-block-columns-is-layout-flex\" style=\"padding-right:var(--wp--preset--spacing--40);padding-left:var(--wp--preset--spacing--40)\">\n<div class=\"wp-block-column has-system-sans-serif-font-family is-layout-flow wp-block-column-is-layout-flow\">\n<p class=\"has-text-align-center has-system-sans-serif-font-family\">Rozw\u00f3j internetu przyjaznego u\u017cytkownikom \u2013 nikt nie lubi korzysta\u0107 z ma\u0142o przyjaznej i przejrzystej strony<\/p>\n\n\n\n<hr class=\"wp-block-separator aligncenter has-alpha-channel-opacity\"\/>\n\n\n\n<p class=\"has-text-align-center\">Szerzenie wiedzy. Audyt UX, UI i SEO jest elementem cz\u0119sto ignorowanym lub uwa\u017canym za nieistotny<\/p>\n\n\n\n<hr class=\"wp-block-separator aligncenter has-alpha-channel-opacity\"\/>\n\n\n\n<p class=\"has-text-align-center\">Wsparcie dla mikro- i ma\u0142ych przedsi\u0119biorc\u00f3w, kt\u00f3rzy nie maj\u0105 dziesi\u0105tek tysi\u0119cy na pe\u0142ne wielomiesi\u0119czne analizy ruchu na ich stronie<\/p>\n<\/div>\n\n\n\n<div class=\"wp-block-column has-system-sans-serif-font-family is-layout-flow wp-block-column-is-layout-flow\">\n<p class=\"has-text-align-center\">Wzrost konwersji z u\u017cytkownika na klienta \u2013 w ko\u0144cu nie ka\u017cdy zarabia na samym istnieniu ich strony internetowej<\/p>\n\n\n\n<hr class=\"wp-block-separator aligncenter has-alpha-channel-opacity\"\/>\n\n\n\n<p class=\"has-text-align-center\">Poprawa widoczno\u015bci strony w wyszukiwarkach \u2013 bior\u0105c pod uwag\u0119 standardy najwi\u0119kszej z nich, czyli wyszukiwarki Google<\/p>\n<\/div>\n<\/div>\n\n\n\n<figure class=\"wp-block-image aligncenter size-large is-style-rounded is-style-rounded--1\"><img loading=\"lazy\" decoding=\"async\" width=\"1024\" height=\"1024\" src=\"https:\/\/auditx.com.pl\/wp-content\/uploads\/2025\/05\/woman-9559795_1280-1024x1024.webp\" alt=\"audyt ux strony www dlaczego\" class=\"wp-image-12\" srcset=\"https:\/\/auditx.com.pl\/wp-content\/uploads\/2025\/05\/woman-9559795_1280-1024x1024.webp 1024w, https:\/\/auditx.com.pl\/wp-content\/uploads\/2025\/05\/woman-9559795_1280-300x300.webp 300w, https:\/\/auditx.com.pl\/wp-content\/uploads\/2025\/05\/woman-9559795_1280-150x150.webp 150w, https:\/\/auditx.com.pl\/wp-content\/uploads\/2025\/05\/woman-9559795_1280-768x769.webp 768w, https:\/\/auditx.com.pl\/wp-content\/uploads\/2025\/05\/woman-9559795_1280.webp 1279w\" sizes=\"auto, (max-width: 1024px) 100vw, 1024px\" \/><\/figure>\n\n\n\n<h3 class=\"wp-block-heading has-text-align-center has-system-sans-serif-font-family\">Do czego potrzebny Ci audyt strony www?<\/h3>\n\n\n\n<div class=\"wp-block-columns is-layout-flex wp-container-core-columns-is-layout-954ec4bb wp-block-columns-is-layout-flex\" style=\"padding-right:var(--wp--preset--spacing--40);padding-left:var(--wp--preset--spacing--40)\">\n<div class=\"wp-block-column is-layout-flow wp-block-column-is-layout-flow\" style=\"padding-right:0;padding-left:0\">\n<p class=\"has-text-align-left has-system-sans-serif-font-family\">Wielu przedsi\u0119biorc\u00f3w bagatelizuje istotno\u015b\u0107 poprawnego projektowania i optymalizacji strony. Chcemy, aby ka\u017cdy mia\u0142 szans\u0119 pokaza\u0107 si\u0119 \u015bwiatu, dbaj\u0105c przy tym o do\u015bwiadczenia swoich u\u017cytkownik\u00f3w i wsp\u00f3\u0142prac\u0119 z wyszukiwarkami wed\u0142ug standard\u00f3w najwi\u0119kszych z nich. Nie marnujmy potencja\u0142u Twojej strony www i zr\u00f3bmy z niej po\u017cytek!<\/p>\n<\/div>\n\n\n\n<div class=\"wp-block-column is-layout-flow wp-block-column-is-layout-flow\">\n<p class=\"has-system-sans-serif-font-family\">Z tego powodu nasz\u0105 ofert\u0119 kierujemy do os\u00f3b, kt\u00f3rych strony borykaj\u0105 si\u0119 ze standardami wyszukiwarek internetowych takich jak Google. Audyt UX, UI oraz SEO daj\u0105 jasne wskaz\u00f3wki odno\u015bnie aktualizacji zawarto\u015bci oraz metadanych celem podniesienia wynik\u00f3w nadanych przez wyszukiwarki, a co za tym idzie \u2013 przyci\u0105gn\u0105\u0107 wi\u0119cej odwiedzaj\u0105cych. Ponadto po poprawnym wdro\u017ceniu zalece\u0144 mo\u017cliwe jest te\u017c podniesienie konwersji z odwiedzaj\u0105cego na klienta.<\/p>\n<\/div>\n<\/div>\n\n\n\n<figure class=\"wp-block-pullquote has-text-align-center has-text-color has-background has-link-color has-system-sans-serif-font-family wp-elements-888f68189873e31ffb3649ec842a078b\" style=\"color:#fafafad9;background-color:#121212db;margin-right:var(--wp--preset--spacing--40);margin-left:var(--wp--preset--spacing--40);padding-right:var(--wp--preset--spacing--50);padding-left:var(--wp--preset--spacing--50)\"><blockquote><p><em><em>\u201eInterfejs u\u017cytkownika (UI) powinien by\u0107 jak dobry przyjaciel \u2013 prosty, pomocny i zawsze dost\u0119pny\u201d.<\/em><\/em><\/p><cite>Daniel Witusowski<br>Owner, Audit Express<\/cite><\/blockquote><\/figure>\n","protected":false},"excerpt":{"rendered":"<p>Audyt UX\/UI i SEO Twoja Strona Mo\u017ce Zarabia\u0107 Wi\u0119cej Audyt, kt\u00f3ry pokazuje jak wysun\u0105\u0107 strony www na szczyt wyszukiwarek Expressowo, wygodnie, dok\u0142adnie &#8222;Audyt? A po co?&#8221; Nasze cele audytu Rozw\u00f3j internetu przyjaznego u\u017cytkownikom \u2013 nikt nie lubi korzysta\u0107 z ma\u0142o przyjaznej i przejrzystej strony Szerzenie wiedzy. Audyt UX, UI i SEO jest elementem cz\u0119sto ignorowanym [&hellip;]<\/p>\n","protected":false},"author":1,"featured_media":0,"parent":0,"menu_order":0,"comment_status":"closed","ping_status":"closed","template":"page-no-title","meta":{"footnotes":""},"class_list":["post-2","page","type-page","status-publish","hentry"],"_links":{"self":[{"href":"https:\/\/auditx.com.pl\/index.php?rest_route=\/wp\/v2\/pages\/2","targetHints":{"allow":["GET"]}}],"collection":[{"href":"https:\/\/auditx.com.pl\/index.php?rest_route=\/wp\/v2\/pages"}],"about":[{"href":"https:\/\/auditx.com.pl\/index.php?rest_route=\/wp\/v2\/types\/page"}],"author":[{"embeddable":true,"href":"https:\/\/auditx.com.pl\/index.php?rest_route=\/wp\/v2\/users\/1"}],"replies":[{"embeddable":true,"href":"https:\/\/auditx.com.pl\/index.php?rest_route=%2Fwp%2Fv2%2Fcomments&post=2"}],"version-history":[{"count":36,"href":"https:\/\/auditx.com.pl\/index.php?rest_route=\/wp\/v2\/pages\/2\/revisions"}],"predecessor-version":[{"id":80,"href":"https:\/\/auditx.com.pl\/index.php?rest_route=\/wp\/v2\/pages\/2\/revisions\/80"}],"wp:attachment":[{"href":"https:\/\/auditx.com.pl\/index.php?rest_route=%2Fwp%2Fv2%2Fmedia&parent=2"}],"curies":[{"name":"wp","href":"https:\/\/api.w.org\/{rel}","templated":true}]}}